{"id":10858,"date":"2013-04-02T21:37:59","date_gmt":"2013-04-02T21:37:59","guid":{"rendered":"https:\/\/www.zslaw.rs\/disclaimer\/"},"modified":"2025-09-08T05:15:59","modified_gmt":"2025-09-08T05:15:59","slug":"ogranicenje-odgovornosti","status":"publish","type":"page","link":"https:\/\/www.zslaw.rs\/sr\/ogranicenje-odgovornosti\/","title":{"rendered":"Ograni\u010denje odgovornosti"},"content":{"rendered":"\n<p>Ova internet stranica sadr\u017ei op\u0161te informacije zasnovane na pravu Republike Srbije i, iako se trudimo da sadr\u017eaj bude ta\u010dan i a\u017euran, korisnici bi trebalo da potra\u017ee odgovaraju\u0107i pravni savet pre nego \u0161to preduzmu ili se uzdr\u017ee od bilo kakvog postupanja. Sadr\u017eaj ove stranice ne treba tuma\u010diti kao pravni savet i odri\u010demo se svake odgovornosti u vezi sa njegovom upotrebom.<\/p>\n\n\n\n<p>\u017divkovi\u0107 Samard\u017ei\u0107 \u010dine \u017divkovi\u0107 Samard\u017ei\u0107 AOD i advokati koji sara\u0111uju sa \u017divkovi\u0107 Samard\u017ei\u0107 AOD. Pojmovi \u201c\u017divkovi\u0107 Samard\u017ei\u0107\u201d, \u201ckancelarija\u201d, \u201cmi\u201d ili \u201cna\u0161\u201d na ovoj internet stranici odnose se na \u017divkovi\u0107 Samard\u017ei\u0107 AOD i\/ili na advokate koji sara\u0111uju sa \u017divkovi\u0107 Samard\u017ei\u0107 AOD, u zavisnosti od konteksta.<\/p>\n\n\n\n<p>Re\u010d \u201cpartner\u201d koristi se da ozna\u010di \u010dlana \u017divkovi\u0107 Samard\u017ei\u0107 AOD ili advokata koji sara\u0111uje sa \u017divkovi\u0107 Samard\u017ei\u0107 AOD, sa jednakim statusom i kvalifikacijama.<\/p>\n\n\n\n<p>\u017divkovi\u0107 Samard\u017ei\u0107 AOD je orta\u010dko dru\u0161tvo registrovano u Republici Srbiji pod mati\u010dnim brojem 57320150. \u017divkovi\u0107 Samard\u017ei\u0107 AOD upisan je u imenik advokatskih orta\u010dkih dru\u0161tava Advokatske komore Srbije.<\/p>\n\n\n\n<p>PIB: 107 890 869<\/p>\n","protected":false},"excerpt":{"rendered":"<p>Ova internet stranica sadr\u017ei op\u0161te informacije zasnovane na pravu Republike Srbije i, iako se trudimo da sadr\u017eaj bude ta\u010dan i a\u017euran, korisnici bi trebalo da potra\u017ee odgovaraju\u0107i pravni savet pre nego \u0161to preduzmu ili se uzdr\u017ee od bilo kakvog postupanja. Sadr\u017eaj ove stranice ne treba tuma\u010diti kao pravni savet i odri\u010demo se svake odgovornosti u<\/p>\n","protected":false},"author":6,"featured_media":0,"parent":0,"menu_order":0,"comment_status":"closed","ping_status":"open","template":"","meta":{"om_disable_all_campaigns":false,"_monsterinsights_skip_tracking":false,"_monsterinsights_sitenote_active":false,"_monsterinsights_sitenote_note":"","_monsterinsights_sitenote_category":0,"_uf_show_specific_survey":0,"_uf_disable_surveys":false,"footnotes":""},"class_list":["post-10858","page","type-page","status-publish","hentry"],"_links":{"self":[{"href":"https:\/\/www.zslaw.rs\/sr\/wp-json\/wp\/v2\/pages\/10858","targetHints":{"allow":["GET"]}}],"collection":[{"href":"https:\/\/www.zslaw.rs\/sr\/wp-json\/wp\/v2\/pages"}],"about":[{"href":"https:\/\/www.zslaw.rs\/sr\/wp-json\/wp\/v2\/types\/page"}],"author":[{"embeddable":true,"href":"https:\/\/www.zslaw.rs\/sr\/wp-json\/wp\/v2\/users\/6"}],"replies":[{"embeddable":true,"href":"https:\/\/www.zslaw.rs\/sr\/wp-json\/wp\/v2\/comments?post=10858"}],"version-history":[{"count":3,"href":"https:\/\/www.zslaw.rs\/sr\/wp-json\/wp\/v2\/pages\/10858\/revisions"}],"predecessor-version":[{"id":10873,"href":"https:\/\/www.zslaw.rs\/sr\/wp-json\/wp\/v2\/pages\/10858\/revisions\/10873"}],"wp:attachment":[{"href":"https:\/\/www.zslaw.rs\/sr\/wp-json\/wp\/v2\/media?parent=10858"}],"curies":[{"name":"wp","href":"https:\/\/api.w.org\/{rel}","templated":true}]}}