{"id":10849,"date":"2013-04-02T21:44:18","date_gmt":"2013-04-02T21:44:18","guid":{"rendered":"https:\/\/www.zslaw.rs\/cookies\/"},"modified":"2025-09-11T04:39:20","modified_gmt":"2025-09-11T04:39:20","slug":"kolacici","status":"publish","type":"page","link":"https:\/\/www.zslaw.rs\/sr\/kolacici\/","title":{"rendered":"Kola\u010di\u0107i"},"content":{"rendered":"[vc_row][vc_column][vc_column_text]\n<h2><strong>Politika kola\u010di\u0107a internet stranice <\/strong><strong>Advokatsko orta\u010dkog dru\u0161tva \u017divkovi\u0107 Samard\u017ei\u0107<\/strong><\/h2>\n<h3>1. O Politici kola\u010di\u0107a<\/h3>\n<p>(Poslednji put izmenjena 06.08.2020. godine)<\/p>\n<p>Ova Politika kola\u010dic\u0301a (\u201ePolitika\u201c) odnosi se na internet stranicu kojom upravlja AOD \u017divkovi\u0107 Samard\u017ei\u0107 (<a href=\"http:\/\/www.zslaw.rs\/\">http:\/\/www.zslaw.rs\/<\/a>) ili je na drugi na\u010din obezbe\u0111uje. Pristupom i kori\u0161c\u0301enjem internet stranice <a href=\"http:\/\/www.zslaw.rs\/\">http:\/\/www.zslaw.rs\/<\/a> pristajete na upotrebu kola\u010dic\u0301a, na na\u010din opisan u ovoj Politici.<\/p>\n<p>AOD \u017divkovi\u0107 Samard\u017ei\u0107, kao vlasnik internet stranice <a href=\"http:\/\/www.zslaw.rs\/\">http:\/\/www.zslaw.rs\/<\/a>, izri\u010dito zadr\u017eava pravo da povremeno menja ovu Politiku. Ako postoje bilo kakve zna\u010dajne izmene u ovoj Politici, korisnici \u0107e biti obave\u0161teni putem internet stranice <a href=\"http:\/\/www.zslaw.rs\/\">http:\/\/www.zslaw.rs\/<\/a>. Preporu\u010dujemo vam da periodi\u010dno pregledate ovu stranicu kako biste saznali najnovije informacije o Politici kola\u010di\u0107a. U svakom trenutku mo\u017eete potpuno da odbijete prihvatanje kola\u010dic\u0301a kori\u0161c\u0301enjem pode\u0161avanja va\u0161eg internet pretra\u017eiva\u010da.<\/p>\n<p>Uslovi i definicije koje smo koristili u Politici privatnosti imac\u0301e isto zna\u010denje i u ovoj Politici kola\u010di\u0107a.<\/p>\n<p><strong>Va\u0161im daljim kori\u0161c\u0301enjem internet stranice <a href=\"http:\/\/www.zslaw.rs\/\">http:\/\/www.zslaw.rs\/<\/a>, kao i bilo kojih njenih podstranica, servisa i pripadaju\u0107ih delova, smatra\u0107e se da ste dali va\u0161u saglasnost, da prihvatate i da ste se upoznali sa pravilima ove Politike.<\/strong><\/p>\n<h3>2. \u0160ta su kola\u010di\u0107i?<\/h3>\n<p>Kola\u010dic\u0301 je mali tekstualni fajl koja se \u010duva u va\u0161em internet pretra\u017eiva\u010du i omoguc\u0301ava internet stranici, ili odre\u0111enoj trec\u0301oj strani da vas prepozna kao posetioca (ne kao specifi\u010dno odre\u0111enog pojedinca). Kola\u010dic\u0301i se mogu koristiti u svrhe omoguc\u0301avanja odre\u0111enih funkcija, pru\u017eanja analiti\u010dkih podataka, \u010duvanja pode\u0161avanja, omogu\u0107avanja prikaza oglasnih poruka, itd.<\/p>\n<p>Kola\u010dic\u0301i mogu biti privremeni (kola\u010dic\u0301i odre\u0111ene sesije) ili trajni kola\u010dic\u0301i. Privremeni kola\u010dic\u0301i isti\u010du i bri\u0161u se automatski kada zatvorite internet pretra\u017eiva\u010d. Trajni kola\u010dic\u0301i ostac\u0301e snimljeni odre\u0111eno vreme, dok ne isteknu, odnosno dok ne obri\u0161ete kola\u010dic\u0301e iz pretra\u017eiva\u010da. Datumi isteka, odnosno\u00a0 trajanja su navedeni u samim kola\u010dic\u0301ima.<\/p>\n<h3>3. Koje kola\u010di\u0107e koristimo?<\/h3>\n<p>&nbsp;<\/p>\n<table width=\"647\">\n<tbody>\n<tr>\n<td width=\"123\"><strong>Kola\u010di\u0107<\/strong><\/td>\n<td width=\"302\"><strong>Opis<\/strong><\/td>\n<td width=\"115\"><strong>Trajanje<\/strong><\/td>\n<td width=\"108\"><strong>Tip<\/strong><\/td>\n<\/tr>\n<tr>\n<td width=\"123\">_ga<\/td>\n<td width=\"302\">Ovaj kola\u010di\u0107 je povezan sa Google Tag Manager, registruje jedinstveni ID korisnika i generi\u0161e statisti\u010dke podatke o na\u010dinu na koji korisnik koristi internet stranicu.<\/td>\n<td width=\"115\">2 godine<\/td>\n<td width=\"108\">Analiti\u010dki<\/td>\n<\/tr>\n<tr>\n<td width=\"123\">_gid<\/td>\n<td width=\"302\">Ovaj kola\u010di\u0107 je povezan sa Google Universal Analitics i koristi se za identifikaciju korisnika u statisti\u010dke svrhe. \u010cuva i a\u017eurira podatke za svaku stranicu u okviru internet stranice koju korisnik poseti.<\/td>\n<td width=\"115\">1 dan<\/td>\n<td width=\"108\">Analiti\u010dki<\/td>\n<\/tr>\n<tr>\n<td width=\"123\">_gat<\/td>\n<td width=\"302\">Ovaj kola\u010dic\u0301 je povezan sa Google Universal Analitics, prema dokumentaciji koja se koristi za regulisanje brzine zahteva \u2013 ograni\u010davanje prikupljanja podataka na sajtovima sa visokim prometom.<\/td>\n<td width=\"115\">1 minut<\/td>\n<td width=\"108\">Analiti\u010dki<\/td>\n<\/tr>\n<\/tbody>\n<\/table>\n<p>O pomenutim kola\u010di\u0107ima mo\u017eete saznati vi\u0161e na slede\u0107em <a href=\"https:\/\/developers.google.com\/analytics\/devguides\/collection\/analyticsjs\/cookie-usage\">LINKU<\/a>.<\/p>\n<h3>4. U koje svrhe se koriste kola\u010di\u0107i?<\/h3>\n<p>Kola\u010di\u0107i analitike (Analiti\u010dki) su kola\u010di\u0107i koji prate informacije o tome kako se internet stranica koristi, u cilju pobolj\u0161anja performansi. Tako\u0111e, ovi kola\u010di\u0107i se mogu koristiti za testiranje novih funkcija, stranica ili mogu\u0107nosti i uvida u to kako korisnici reaguju na novitete. Kola\u010di\u0107i analitike mogu biti \u201ckola\u010di\u0107i prve strane\u201d ili \u201ckola\u010di\u0107i tre\u0107e strane\u201d.<\/p>\n<p>Kada pristupite internet stranici, AOD \u017divkovi\u0107 Samard\u017ei\u0107 mo\u017ee smestiti neke od kola\u010di\u0107a u va\u0161 internet pretra\u017eiva\u010d, ukoliko to omogu\u0107ite. Neki kola\u010di\u0107i koriste se samo ukoliko koristite odre\u0111ene mogu\u0107nosti internet stranice, odnosno ukoliko odaberete odre\u0111ena pode\u0161avanja, dok se neki kola\u010di\u0107i mogu koristiti du\u017ei vremenski period.<\/p>\n<h3>5. Opcije vezane za kola\u010di\u0107e<\/h3>\n<p>Ako ne \u017eelite da dopustite neke odre\u0111ene vrste kola\u010di\u0107a, ili kola\u010di\u0107e generalno, mo\u017eete promeniti pode\u0161avanja Va\u0161eg internet pretra\u017eiva\u010da da biste izbrisali kola\u010dic\u0301e koji su vec\u0301 postavljeni kao i da ne prihvataju nove kola\u010dic\u0301e. Vi\u0161e informacija o navedenim opcijama potra\u017eite u odeljku \u201cPomo\u0107\u201d ili \u201cPode\u0161avanja\u201d va\u0161eg internet pretra\u017eiva\u010da. Imajte u vidu da, ukoliko obri\u0161ete kola\u010di\u0107e, ili ih ne prihvatite, postoji mogu\u0107nost da nec\u0301ete moc\u0301i da koristite sve funkcije internet stranice koje su dostupne, kao i da sa\u010duvate svoja pode\u0161avanja, te da neke internet stranice mo\u017eda nec\u0301e biti prikazane pravilno.<\/p>\n<h3>6. Kako uklju\u010diti i isklju\u010diti kola\u010di\u0107e uz pomo\u0107 internet pretra\u017eiva\u010da<\/h3>\n<h4>Google Chrome<\/h4>\n<p>Kliknite ikonicu klju\u010da na traci sa alatkama pretra\u017eiva\u010da &gt;&gt; Izaberite Pode\u0161avanja &gt; Kliknite \u201ePrika\u017ei napredna pode\u0161avanja\u201c&gt; U odeljku \u201ePrivatnost\u201c kliknite na dugme \u201ePode\u0161avanja sadr\u017eaja\u201c. Da biste omoguc\u0301ili kola\u010dic\u0301e u odeljku \u201eKola\u010dic\u0301i\u201c, izaberite \u201eDopusti postavljanje lokalnih podataka\u201c, to c\u0301e omoguc\u0301iti i kola\u010dic\u0301e prve i trec\u0301e strane. Da biste dozvolili samo kola\u010dic\u0301e prve strane izaberite \u201eBlokiraj sve kola\u010dic\u0301e trec\u0301e strane bez izuzetka\u201c. Da biste onemoguc\u0301ili kola\u010dic\u0301e, u odeljku \u201eKola\u010dic\u0301i\u201c izaberite \u201eBlokiraj veb lokacije u pode\u0161avanju bilo kakvih podataka\u201c. Imajte na umu da u Chrome-u postoje razli\u010diti nivoi omoguc\u0301avanja I onemoguc\u0301avanja kola\u010dic\u0301a. Vi\u0161e informacija o ostalim pode\u0161avanjima kola\u010dic\u0301a koji se nude u Chrome-u potra\u017eite na sledec\u0301oj stranici od Google-a: <a href=\"http:\/\/support.google.com\/ chrome\/bin\/answer.pi?hl=sr&amp;ansver=95647\">http:\/\/support.google.com\/ chrome\/bin\/answer.pi?hl=sr&amp;ansver=95647<\/a><\/p>\n<h4>Microsoft Internet Explorer 6.0, 7.0, 8.0<\/h4>\n<p>Kliknite na \u201eAlatke\u201c na vrhu prozora pregleda\u010da i odaberite \u201eInternet Options\u201c &gt; U prozoru opcija idite na karticu \u201ePrivacy\u201c. Da biste omoguc\u0301ili kola\u010dic\u0301e: Podesite kliza\u010d na \u201eSrednje\u201c ili ispod. Da biste onemoguc\u0301ili kola\u010dic\u0301e: Pomerite kliza\u010d na vrh da biste blokirali sve kola\u010dic\u0301e. Imajte u vidu da u Explorer-u postoje razni nivoi omoguc\u0301avanja i onemoguc\u0301avanja kola\u010dic\u0301a. Za vi\u0161e informacija o ostalim pode\u0161avanjima kola\u010dic\u0301a u programu Internet Explorer pogledajte sledec\u0301u stranicu kompanije Microsoft: <a href=\"http:\/\/windows.microsoft.com\/en-GB\/windows-vista\/Block-or-allow-cookies\">http:\/\/windows.microsoft.com\/en-GB\/windows-vista\/Block-or-allow-cookies<\/a>.<\/p>\n<h4>Microsoft Edge<\/h4>\n<p>Kliknite na dugme \u201cVi\u0161e radnji\u201d na alatnoj traci i izaberite Pode\u0161avanja &gt; Tra\u017eite Prika\u017ei napredna pode\u0161avanja i kliknite na njih &gt; U odeljku \u201eKola\u010dic\u0301i\u201c izaberite \u201cNe blokiraj kola\u010dic\u0301e (podrazumevano)\u201d, Blokirajte samo kola\u010dic\u0301e trec\u0301e strane &gt; Restart Edge.<\/p>\n<h4>Mozilla Firefox<\/h4>\n<p>Kliknite na \u201eAlatke\u201c u meniju pregleda\u010da i izaberite \u201eOpcije\u201c &gt;&gt; Izaberite panel privatnosti. Da biste omoguc\u0301ili kola\u010dic\u0301e: Ozna\u010dite \u201ePrihvati kola\u010dic\u0301e za veb lokacije\u201c Da biste onemoguc\u0301ili kola\u010dic\u0301e: Poni\u0161tite oznaku \u201ePrihvati kola\u010dic\u0301e za veb lokacije\u201c. Imajte u vidu da postoje razli\u010diti nivoi omoguc\u0301avanja i onemoguc\u0301avanja kola\u010dic\u0301a u Firefoxu. Za vi\u0161e informacija pogledajte sledec\u0301u stranicu iz Mozilla: <a href=\"http:\/\/support.mozilla.org\/en-US\/kb\/Enabling% 20and% 20disabling%20cookies\">http:\/\/support.mozilla.org\/en-US\/kb\/Enabling% 20and% 20disabling%20cookies<\/a><\/p>\n<h4>Opera<\/h4>\n<p>Kliknite na \u201ePode\u0161avanje\u201c u meniju pregleda\u010da i izaberite \u201ePode\u0161avanja\u201c &gt;&gt; Izaberite \u201eBrze postavke\u201c. Da biste omoguc\u0301ili kola\u010dic\u0301e: potvrdite \u201eOmoguc\u0301i kola\u010dic\u0301e\u201c. Da biste onemoguc\u0301ili kola\u010dic\u0301e: poni\u0161tite izbor \u201eOmoguc\u0301i kola\u010dic\u0301e\u201c. Imajte na umu da u okviru programa Opera postoje razli\u010diti nivoi omoguc\u0301avanja i onemoguc\u0301avanja kola\u010dic\u0301a. Za vi\u0161e informacija o ostalim pode\u0161avanjima kola\u010dic\u0301a koji se nude u Operi, pogledajte sledec\u0301u stranicu programa Opere: <a href=\"http:\/\/www.opera.com\/browser\/tutorials\/security\/privacy\">http:\/\/www.opera.com\/browser\/tutorials\/security\/privacy<\/a>.<\/p>\n<h4>Safari na OSX<\/h4>\n<p>Kliknite na \u201eSafari\u201c na traci sa menijima i odaberite opciju \u201ePreferences\u201c &gt; Kliknite na \u201eSecurity\u201c. Da biste omoguc\u0301ili kola\u010dic\u0301e: U odeljku \u201eAccept cookies\u201c izaberite \u201eOnly from site you navigate to\u201c. Da biste onemoguc\u0301ili kola\u010dic\u0301e: U delu \u201ePrihvati kola\u010dic\u0301e\u201c odaberite \u201eNikad\u201c Imajte u vidu da u Safariju postoje razni nivoi omoguc\u0301avanja i onemoguc\u0301avanja kola\u010dic\u0301a. Za vi\u0161e informacija o ostalim pode\u0161avanjima kola\u010dic\u0301a ponu\u0111enih na Safariju, pogledajte sledec\u0301u stranicu kompanije Apple: <a href=\"https:\/\/support.apple.com\/en-us\/guide\/safari\/sfri11471\/mac\">https:\/\/support.apple.com\/en-us\/guide\/safari\/sfri11471\/mac<\/a>.<\/p>\n<h4>Ostali internet pretra\u017eiva\u010di<\/h4>\n<p>Za kontrolu kola\u010di\u0107a, pogledajte dostupne opcije ili \u201cPomo\u0107\u201d u okviru svakog pretra\u017eiva\u010da.[\/vc_column_text][vc_separator border_width=&#8220;3&#8243; el_width=&#8220;20&#8243;][vc_column_text]\n<h2><strong>Cookie Policy of the Zivkovic Samardzic Law Firm website<\/strong><\/h2>\n<h3>1. <strong>About the Cookie Policy <\/strong><\/h3>\n<p>(Last modified on August 6, 2020)<\/p>\n<p>This Cookie Policy (&#8222;Policy&#8220;) refers to the website managed by \u017divkovi\u0107 Samard\u017ei\u0107 Law Firm (<a href=\"http:\/\/www.zslaw.rs\/\">http:\/\/www.zslaw.rs\/<\/a>) or is otherwise provided. By accessing and using the website <a href=\"http:\/\/www.zslaw.rs\/\">http:\/\/www.zslaw.rs\/<\/a> you agree to the use of cookies, as described in this Policy.<\/p>\n<p>\u017divkovi\u0107 Samard\u017ei\u0107 Law Firm, as the owner of the website <a href=\"http:\/\/www.zslaw.rs\/\">http:\/\/www.zslaw.rs\/<\/a>, explicitly reserves the right to alter this Policy from time to time. If there are any significant changes in this Policy, users will be notified via the website <a href=\"http:\/\/www.zslaw.rs\/\">http:\/\/www.zslaw.rs\/<\/a>. We encourage you to periodically review this page for the latest information on the Cookie Policy. You can completely refuse the use of cookies at any time by using the settings of your browser.<\/p>\n<p>The terms and definitions we used in the Privacy Policy will have the same meaning in this Cookie Policy.<\/p>\n<p><strong>By your further use of the website <a href=\"http:\/\/www.zslaw.rs\/\">http:\/\/www.zslaw.rs\/<\/a>, as well as any other of its sub-pages, services and adjoining parts, it will be regarded that you have given your consent, that you accept and that you are familiar with the rules of this Policy.<\/strong><\/p>\n<h3>2. <strong>What are cookies?<\/strong><\/h3>\n<p>A cookie is a small text file that is stored in your internet browser and allows a website, or a specific third party, to recognize you as a visitor (not as a specific individual). Cookies can be used for the purpose of enabling certain functions, providing analytical data, saving settings, enabling the display of advertising messages, etc.<\/p>\n<p>Cookies can be temporary (certain session cookies) or permanent cookies. Temporary cookies expire and are deleted automatically when you close your internet browser. Persistent cookies will remain saved for a certain period of time, until they expire, or until you delete cookies from the browser. Expiration dates are stated in the cookies themselves.<\/p>\n<h3>3. <strong>What cookies do we use?<\/strong><\/h3>\n<p>&nbsp;<\/p>\n<table width=\"647\">\n<tbody>\n<tr>\n<td width=\"123\"><strong>Cookie<\/strong><\/td>\n<td width=\"302\"><strong>Description<\/strong><\/td>\n<td width=\"115\"><strong>Duration<\/strong><\/td>\n<td width=\"108\"><strong>Type<\/strong><\/td>\n<\/tr>\n<tr>\n<td width=\"123\">_ga<\/td>\n<td width=\"302\">This cookie is linked to Google Tag Manager, registers a unique user ID and generates statistics on how the user uses the website.<\/td>\n<td width=\"115\">2 years<\/td>\n<td width=\"108\">Analytic<\/td>\n<\/tr>\n<tr>\n<td width=\"123\">_gid<\/td>\n<td width=\"302\">This cookie is linked to Google Universal Analytics and is used to identify users for statistical purposes. Stores and updates data for each page within the website that the user visits.<\/td>\n<td width=\"115\">1 day<\/td>\n<td width=\"108\">Analytic<\/td>\n<\/tr>\n<tr>\n<td width=\"123\">_gat<\/td>\n<td width=\"302\">This cookie is linked to Google Universal Analytics, according to the documentation used to regulate the speed of requests &#8211; restricting the collection of data on high-traffic sites.<\/td>\n<td width=\"115\">1 minute<\/td>\n<td width=\"108\">Analytic<\/td>\n<\/tr>\n<\/tbody>\n<\/table>\n<p>You can find out more about these cookies at the following <a href=\"https:\/\/developers.google.com\/analytics\/devguides\/collection\/analyticsjs\/cookie-usage\">LINK<\/a>.<\/p>\n<h3>4. <strong>For what purposes are cookies used?<\/strong><\/h3>\n<p>Analytics cookies (Analytical) are cookies that track information about how a website is used, in order to improve performance. Also, these cookies can be used to test new features, pages or possibilities and for insight into how users react to novelties. Analytics cookies can be &#8222;first-party cookies&#8220; or &#8222;third-party cookies&#8220;.<\/p>\n<p>When you access the website, \u017divkovi\u0107 Samard\u017ei\u0107 Law Firm may place some of the cookies in your internet browser, if you enable it. Some cookies are used only if you use certain features of the website, or if you select certain settings, while some cookies can be used for a longer period of time.<\/p>\n<h3>5. <strong>Cookies related options<\/strong><\/h3>\n<p>If you do not want to allow certain types of cookies, or cookies in general, you can change your browser settings to delete cookies that have already been set and to not accept new cookies. For more information on these options, see the &#8222;Help&#8220; or &#8222;Settings&#8220; section of your browser. Please note that if you delete cookies or do not accept them, you may not be able to use all the functions of the website that are available, as well as save your settings, and some websites may not be displayed properly.<\/p>\n<h3>6. <strong>How to enable and disable cookies using an internet browser<\/strong><\/h3>\n<h4>Google Chrome<\/h4>\n<p>Click the wrench icon on the browser toolbar &gt;&gt; Choose Settings&gt; Click Show Advanced Settings&gt; In the &#8222;Privacy&#8220; section, click the &#8222;Content Settings&#8220; button. To enable cookies in the &#8222;Cookies&#8220; section, select &#8222;Allow local data to be set&#8220;, this will enable both first- and third-party cookies. To allow only first-party cookies, select &#8222;Block all third-party cookies without exception.&#8220; To disable cookies, in the &#8222;Cookies&#8220; section, select &#8222;Block websites from setting any data.&#8220; Note that there are different levels of enabling and disabling cookies in Chrome. For more information on other cookie settings offered by Chrome, visit the next page from Google: <a href=\"http:\/\/support.google.com\/ chrome\/bin\/answer.pi?hl=sr&amp;ansver=95647\">http:\/\/support.google.com\/ chrome\/bin\/answer.pi?hl=sr&amp;ansver=95647<\/a><\/p>\n<h4><strong>Microsoft Internet Explorer 6.0, 7.0, 8.0<\/strong><\/h4>\n<p>Click &#8222;Tools&#8220; at the top of the browser window and select &#8222;Internet Options&#8220;&gt; In the options window, go to the &#8222;Privacy&#8220; tab. To enable cookies: Set the slider to &#8222;Medium&#8220; or below. To disable cookies: Move the slider to the top to block all cookies. Note that there are different levels of enabling and disabling cookies in Explorer. For more information about other cookie settings in Internet Explorer, see the following Microsoft page: <a href=\"http:\/\/windows.microsoft.com\/en-GB\/windows-vista\/Block-or-allow-cookies\">http:\/\/windows.microsoft.com\/en-GB\/windows-vista\/Block-or-allow-cookies<\/a>.<\/p>\n<h4><strong>Microsoft Edge<\/strong><\/h4>\n<p>Click the &#8222;More actions&#8220; button on the toolbar and select Settings&gt; Search Show advanced settings and click on them&gt; In the &#8222;Cookies&#8220; section, select &#8222;Do not block cookies (default)&#8220;, Block only third-party cookies&gt; Restart Edge.<\/p>\n<h4><strong>Mozilla Firefox<\/strong><\/h4>\n<p>Click on &#8222;Tools&#8220; in the browser menu and select &#8222;Options&#8220; &gt;&gt; Select the privacy panel. To enable cookies: Check &#8222;Accept cookies for websites&#8220; To disable cookies: Uncheck &#8222;Accept cookies for websites.&#8220; Note that there are different levels of enabling and disabling cookies in Firefox. See the next page from Mozilla for more information: <a href=\"http:\/\/support.mozilla.org\/en-US\/kb\/Enabling% 20and% 20disabling%20cookies\">http:\/\/support.mozilla.org\/en-US\/kb\/Enabling% 20and% 20disabling%20cookies<\/a><\/p>\n<h4><strong>Opera<\/strong><\/h4>\n<p>Click &#8222;Settings&#8220; in the browser menu and select &#8222;Settings&#8220; &gt;&gt; Select &#8222;Quick Settings&#8220;. To enable cookies: check &#8222;Enable cookies&#8220;. To disable cookies: Uncheck &#8222;Enable cookies&#8220;. Note that there are different levels of enabling and disabling cookies within Opera. For more information on other cookie settings offered at Opera, see the next page of the Opera program: <a href=\"http:\/\/www.opera.com\/browser\/tutorials\/security\/privacy\">http:\/\/www.opera.com\/browser\/tutorials\/security\/privacy<\/a>.<\/p>\n<h4><strong>\u00a0<\/strong><strong>Safari on OSX<\/strong><\/h4>\n<p>Click &#8222;Safari&#8220; on the menu bar and select &#8222;Preferences&#8220;&gt; Click &#8222;Security&#8220;. To enable cookies: In the &#8222;Accept cookies&#8220; section, select &#8222;Only from site you navigate to&#8220;. To disable cookies: In the &#8222;Accept cookies&#8220; section, select &#8222;Never&#8220; Note that there are different levels of enabling and disabling cookies in Safari. For more information on other cookie settings offered on Safari, see the following Apple page: <a href=\"https:\/\/support.apple.com\/en-us\/guide\/safari\/sfri11471\/mac\">https:\/\/support.apple.com\/en-us\/guide\/safari\/sfri11471\/mac<\/a>.<\/p>\n<h4><strong>Other internet browsers<\/strong><\/h4>\n<p>To control cookies, see the available options or &#8222;Help&#8220; within each browser.[\/vc_column_text][\/vc_column][\/vc_row]\n","protected":false},"excerpt":{"rendered":"<p>[vc_row][vc_column][vc_column_text] Politika kola\u010di\u0107a internet stranice Advokatsko orta\u010dkog dru\u0161tva \u017divkovi\u0107 Samard\u017ei\u0107 1. O Politici kola\u010di\u0107a (Poslednji put izmenjena 06.08.2020. godine) Ova Politika kola\u010dic\u0301a (\u201ePolitika\u201c) odnosi se na internet stranicu kojom upravlja AOD \u017divkovi\u0107 Samard\u017ei\u0107 (http:\/\/www.zslaw.rs\/) ili je na drugi na\u010din obezbe\u0111uje. Pristupom i kori\u0161c\u0301enjem internet stranice http:\/\/www.zslaw.rs\/ pristajete na upotrebu kola\u010dic\u0301a, na na\u010din opisan u ovoj<\/p>\n","protected":false},"author":6,"featured_media":0,"parent":0,"menu_order":0,"comment_status":"open","ping_status":"closed","template":"","meta":{"om_disable_all_campaigns":false,"_monsterinsights_skip_tracking":false,"_monsterinsights_sitenote_active":false,"_monsterinsights_sitenote_note":"","_monsterinsights_sitenote_category":0,"_uf_show_specific_survey":0,"_uf_disable_surveys":false,"footnotes":""},"class_list":["post-10849","page","type-page","status-publish","hentry"],"_links":{"self":[{"href":"https:\/\/www.zslaw.rs\/sr\/wp-json\/wp\/v2\/pages\/10849","targetHints":{"allow":["GET"]}}],"collection":[{"href":"https:\/\/www.zslaw.rs\/sr\/wp-json\/wp\/v2\/pages"}],"about":[{"href":"https:\/\/www.zslaw.rs\/sr\/wp-json\/wp\/v2\/types\/page"}],"author":[{"embeddable":true,"href":"https:\/\/www.zslaw.rs\/sr\/wp-json\/wp\/v2\/users\/6"}],"replies":[{"embeddable":true,"href":"https:\/\/www.zslaw.rs\/sr\/wp-json\/wp\/v2\/comments?post=10849"}],"version-history":[{"count":4,"href":"https:\/\/www.zslaw.rs\/sr\/wp-json\/wp\/v2\/pages\/10849\/revisions"}],"predecessor-version":[{"id":10880,"href":"https:\/\/www.zslaw.rs\/sr\/wp-json\/wp\/v2\/pages\/10849\/revisions\/10880"}],"wp:attachment":[{"href":"https:\/\/www.zslaw.rs\/sr\/wp-json\/wp\/v2\/media?parent=10849"}],"curies":[{"name":"wp","href":"https:\/\/api.w.org\/{rel}","templated":true}]}}